{"id":1994,"date":"2025-11-21T06:53:00","date_gmt":"2025-11-21T06:53:00","guid":{"rendered":"https:\/\/hummel-praxisreinigung.de\/?page_id=1994"},"modified":"2025-11-21T07:06:15","modified_gmt":"2025-11-21T07:06:15","slug":"glasreinigung","status":"publish","type":"page","link":"https:\/\/hummel-praxisreinigung.de\/?page_id=1994","title":{"rendered":"Glasreinigung"},"content":{"rendered":"\t\t<div data-elementor-type=\"wp-page\" data-elementor-id=\"1994\" class=\"elementor elementor-1994\" data-elementor-post-type=\"page\">\n\t\t\t\t<div class=\"elementor-element elementor-element-c524c99 e-flex e-con-boxed e-con e-parent\" data-id=\"c524c99\" data-element_type=\"container\">\n\t\t\t\t\t<div class=\"e-con-inner\">\n\t\t<div class=\"elementor-element elementor-element-11f4c4a e-con-full e-flex e-con e-child\" data-id=\"11f4c4a\" data-element_type=\"container\">\n\t\t\t\t<div class=\"elementor-element elementor-element-d4dbd80 elementor-widget elementor-widget-spacer\" data-id=\"d4dbd80\" data-element_type=\"widget\" data-widget_type=\"spacer.default\">\n\t\t\t\t<div class=\"elementor-widget-container\">\n\t\t\t\t\t\t\t<div class=\"elementor-spacer\">\n\t\t\t<div class=\"elementor-spacer-inner\"><\/div>\n\t\t<\/div>\n\t\t\t\t\t\t<\/div>\n\t\t\t\t<\/div>\n\t\t\t\t<div class=\"elementor-element elementor-element-2e0a27e elementor-widget elementor-widget-heading\" data-id=\"2e0a27e\" data-element_type=\"widget\" data-widget_type=\"heading.default\">\n\t\t\t\t<div class=\"elementor-widget-container\">\n\t\t\t\t\t<h2 class=\"elementor-heading-title elementor-size-default\">Glasreinigung<\/h2>\t\t\t\t<\/div>\n\t\t\t\t<\/div>\n\t\t\t\t<div class=\"elementor-element elementor-element-dd8bfd0 elementor-widget elementor-widget-text-editor\" data-id=\"dd8bfd0\" data-element_type=\"widget\" data-widget_type=\"text-editor.default\">\n\t\t\t\t<div class=\"elementor-widget-container\">\n\t\t\t\t\t\t\t\t\t<p>Mit unserem <strong>Glasreinigungsteam<\/strong> sorgen wir f\u00fcr einen klaren Durchblick. Neben B\u00fcrofenstern reinigen wir auch Ihr Trennglas im Innenbereich, Treppenhaus-Verglasungen, Schaufenster und Fassaden. Bei nicht zu \u00f6ffnenden Fenstern oder gro\u00dfen Glasfl\u00e4chen arbeiten wir <strong>kosteng\u00fcnstig<\/strong> und <strong>umweltgerecht<\/strong> im modernen Osmoseverfahren mit reinem Wasser und Teleskopstangen. Gern erstellen wir Ihnen ein Angebot f\u00fcr die Glasreinigung.<\/p>\t\t\t\t\t\t\t\t<\/div>\n\t\t\t\t<\/div>\n\t\t\t\t<\/div>\n\t\t<div class=\"elementor-element elementor-element-a59007e e-con-full e-flex e-con e-child\" data-id=\"a59007e\" data-element_type=\"container\">\n\t\t\t\t<div class=\"elementor-element elementor-element-901de06 elementor-widget elementor-widget-spacer\" data-id=\"901de06\" data-element_type=\"widget\" data-widget_type=\"spacer.default\">\n\t\t\t\t<div class=\"elementor-widget-container\">\n\t\t\t\t\t\t\t<div class=\"elementor-spacer\">\n\t\t\t<div class=\"elementor-spacer-inner\"><\/div>\n\t\t<\/div>\n\t\t\t\t\t\t<\/div>\n\t\t\t\t<\/div>\n\t\t\t\t<div class=\"elementor-element elementor-element-3ce58e9 elementor-widget elementor-widget-image\" data-id=\"3ce58e9\" data-element_type=\"widget\" data-widget_type=\"image.default\">\n\t\t\t\t<div class=\"elementor-widget-container\">\n\t\t\t\t\t\t\t\t\t\t\t\t\t\t\t<img fetchpriority=\"high\" decoding=\"async\" width=\"560\" height=\"373\" src=\"https:\/\/hummel-praxisreinigung.de\/wp-content\/uploads\/2025\/11\/glasreinigung-praxisreinigung.png\" class=\"attachment-large size-large wp-image-1996\" alt=\"\" srcset=\"https:\/\/hummel-praxisreinigung.de\/wp-content\/uploads\/2025\/11\/glasreinigung-praxisreinigung.png 560w, https:\/\/hummel-praxisreinigung.de\/wp-content\/uploads\/2025\/11\/glasreinigung-praxisreinigung-300x200.png 300w\" sizes=\"(max-width: 560px) 100vw, 560px\" \/>\t\t\t\t\t\t\t\t\t\t\t\t\t\t\t<\/div>\n\t\t\t\t<\/div>\n\t\t\t\t<div class=\"elementor-element elementor-element-b9100e0 elementor-widget elementor-widget-spacer\" data-id=\"b9100e0\" data-element_type=\"widget\" data-widget_type=\"spacer.default\">\n\t\t\t\t<div class=\"elementor-widget-container\">\n\t\t\t\t\t\t\t<div class=\"elementor-spacer\">\n\t\t\t<div class=\"elementor-spacer-inner\"><\/div>\n\t\t<\/div>\n\t\t\t\t\t\t<\/div>\n\t\t\t\t<\/div>\n\t\t\t\t<\/div>\n\t\t\t\t\t<\/div>\n\t\t\t\t<\/div>\n\t\t\t\t<\/div>\n\t\t","protected":false},"excerpt":{"rendered":"<p>Glasreinigung Mit unserem Glasreinigungsteam sorgen wir f\u00fcr einen klaren Durchblick. Neben B\u00fcrofenstern reinigen wir auch Ihr Trennglas im Innenbereich, Treppenhaus-Verglasungen, Schaufenster und Fassaden. Bei nicht zu \u00f6ffnenden Fenstern oder gro\u00dfen Glasfl\u00e4chen arbeiten wir kosteng\u00fcnstig und umweltgerecht im modernen Osmoseverfahren mit reinem Wasser und Teleskopstangen. Gern erstellen wir Ihnen ein Angebot f\u00fcr die Glasreinigung.<\/p>\n","protected":false},"author":1,"featured_media":0,"parent":0,"menu_order":0,"comment_status":"closed","ping_status":"closed","template":"","meta":{"_kad_blocks_custom_css":"","_kad_blocks_head_custom_js":"","_kad_blocks_body_custom_js":"","_kad_blocks_footer_custom_js":"","_kadence_starter_templates_imported_post":false,"_kad_post_transparent":"","_kad_post_title":"hide","_kad_post_layout":"fullwidth","_kad_post_sidebar_id":"","_kad_post_content_style":"unboxed","_kad_post_vertical_padding":"hide","_kad_post_feature":"hide","_kad_post_feature_position":"","_kad_post_header":false,"_kad_post_footer":false,"footnotes":""},"class_list":["post-1994","page","type-page","status-publish","hentry"],"taxonomy_info":[],"featured_image_src_large":false,"author_info":{"display_name":"admin","author_link":"https:\/\/hummel-praxisreinigung.de\/?author=1"},"comment_info":0,"_links":{"self":[{"href":"https:\/\/hummel-praxisreinigung.de\/index.php?rest_route=\/wp\/v2\/pages\/1994","targetHints":{"allow":["GET"]}}],"collection":[{"href":"https:\/\/hummel-praxisreinigung.de\/index.php?rest_route=\/wp\/v2\/pages"}],"about":[{"href":"https:\/\/hummel-praxisreinigung.de\/index.php?rest_route=\/wp\/v2\/types\/page"}],"author":[{"embeddable":true,"href":"https:\/\/hummel-praxisreinigung.de\/index.php?rest_route=\/wp\/v2\/users\/1"}],"replies":[{"embeddable":true,"href":"https:\/\/hummel-praxisreinigung.de\/index.php?rest_route=%2Fwp%2Fv2%2Fcomments&post=1994"}],"version-history":[{"count":14,"href":"https:\/\/hummel-praxisreinigung.de\/index.php?rest_route=\/wp\/v2\/pages\/1994\/revisions"}],"predecessor-version":[{"id":2012,"href":"https:\/\/hummel-praxisreinigung.de\/index.php?rest_route=\/wp\/v2\/pages\/1994\/revisions\/2012"}],"wp:attachment":[{"href":"https:\/\/hummel-praxisreinigung.de\/index.php?rest_route=%2Fwp%2Fv2%2Fmedia&parent=1994"}],"curies":[{"name":"wp","href":"https:\/\/api.w.org\/{rel}","templated":true}]}}