{"id":2021,"date":"2025-11-22T08:30:00","date_gmt":"2025-11-22T08:30:00","guid":{"rendered":"https:\/\/hummel-praxisreinigung.de\/?page_id=2021"},"modified":"2025-11-22T08:38:50","modified_gmt":"2025-11-22T08:38:50","slug":"impressum","status":"publish","type":"page","link":"https:\/\/hummel-praxisreinigung.de\/?page_id=2021","title":{"rendered":"Impressum"},"content":{"rendered":"\t\t<div data-elementor-type=\"wp-page\" data-elementor-id=\"2021\" class=\"elementor elementor-2021\" data-elementor-post-type=\"page\">\n\t\t\t\t<div class=\"elementor-element elementor-element-00456da e-flex e-con-boxed e-con e-parent\" data-id=\"00456da\" data-element_type=\"container\">\n\t\t\t\t\t<div class=\"e-con-inner\">\n\t\t\t\t<div class=\"elementor-element elementor-element-d20c87a elementor-widget elementor-widget-text-editor\" data-id=\"d20c87a\" data-element_type=\"widget\" data-widget_type=\"text-editor.default\">\n\t\t\t\t<div class=\"elementor-widget-container\">\n\t\t\t\t\t\t\t\t\t<h1>Impressum<\/h1><p>HUMMEL B\u00fcroreinigung GmbH<br \/>Gesch\u00e4ftsf\u00fchrer: Helge-Christian Agethen, Abdulhalim Aydemir<br \/>Wendenstra\u00dfe 309<br \/>20537 Hamburg<br \/>Deutschland<\/p><p>E-Mail-Adresse: <a href=\"mailto:info@hummel-praxisreinigung.de\">info@hummel-praxisreinigung.de<\/a><br \/>Telefonnummer: +49 40 333 50 572<br \/>Gesellschafter: Helge-Christian Agethen, Abdulhalim Aydemir<br \/>Registergericht &amp; Registernummer: Hamburg <br \/>Umsatzsteuer-Identifikationsnummer: DE340366154<\/p><p>Verantwortlich f\u00fcr den Inhalt: Helge-Christian Agethen<\/p><p>Plattform der Europ\u00e4ischen Kommission zur Online-Streitbeilegung (OS) f\u00fcr Verbraucher: <a href=\"https:\/\/ec.europa.eu\/consumers\/odr\/\" target=\"_blank\" rel=\"noopener\">https:\/\/ec.europa.eu\/consumers\/odr\/<\/a>. Wir sind nicht bereit und nicht verpflichtet an einem Streitbeilegungsverfahren vor einer Verbraucherschlichtungsstelle teilzunehmen.<\/p><h1>Datenschutzvereinbarungen<\/h1><p>In dieser Datenschutzerkl\u00e4rung informieren wir Sie \u00fcber die Verarbeitung Ihrer personenbezogenen Daten.<\/p><p>Sofern Sie Ihre Datenschutzeinstellungen \u00e4ndern m\u00f6chten (Einwilligungen erteilen oder bereits erteilte Einwilligungen widerrufen), klicken Sie <a class=\"sp-dsgvo-show-privacy-popup\" href=\"https:\/\/bueroreinigung-am-gaensemarkt.de\/impressum\/#\" target=\"_blank\" rel=\"noopener\">hier<\/a> um Ihre Einstellungen zu \u00e4ndern.<\/p><h2>Verantwortlich<\/h2><p>HUMMEL B\u00fcroreinigung GmbH, Wendenstra\u00dfe 309, 20537 Hamburg, Deutschland, <a href=\"mailto:info@hummel-praxisreinigung.de\">info@hummel-praxisreinigung.de<\/a>, +49 40 333 50 572<\/p><h2>Widerspruchsrecht<\/h2><p>Sofern die Verarbeitung Ihrer personenbezogenen Daten auf Grundlage des berechtigten Interesses erfolgt, haben Sie das Recht gegen diese Verarbeitung zu widersprechen.<\/p><p>Sofern keine zwingenden schutzw\u00fcrdigen Gr\u00fcnde f\u00fcr die Verarbeitung unsererseits vorliegen, wird die Verarbeitung Ihrer Daten auf Basis dieser Rechtsgrundlage eingestellt.<\/p><p>Zudem haben Sie das Recht, der Verarbeitung Ihrer personenbezogenen Daten zum Zweck der Direktwerbung zu widersprechen. Im Fall des Widerspruchs werden Ihre personenbezogenen Daten nicht mehr zum Zweck der Direktwerbung verarbeitet.<\/p><p>Die Rechtm\u00e4\u00dfigkeit der bis zum Widerspruch verarbeiteten Daten wird durch den Widerspruch nicht ber\u00fchrt.<\/p><h2>Widerrufsrecht<\/h2><p>Sie haben das Recht eine bereits erteilte Einwilligung jederzeit zu widerrufen, indem Sie die <a class=\"lwb-ppsp\" title=\"Datenschutzeinstellungen\" href=\"https:\/\/bueroreinigung-am-gaensemarkt.de\/impressum\/#\" target=\"_blank\" rel=\"noopener\">Datenschutzeinstellungen<\/a> \u00e4ndern.<\/p><p>Im Fall der Einwilligung in den Erhalt elektronischer Werbung kann der Widerruf Ihrer Einwilligung durch Klick auf den Abmeldelink erfolgen. In diesem Fall wird eine Verarbeitung, sofern keine andere Rechtsgrundlage besteht, eingestellt.<\/p><p>Die Rechtm\u00e4\u00dfigkeit der bis zum Widerruf verarbeiteten Daten wird durch den Widerruf nicht ber\u00fchrt.<\/p><h2>Betroffenenrechte<\/h2><p>Sie haben zudem das Recht auf Auskunft, Berichtigung, L\u00f6schung und Einschr\u00e4nkung der Verarbeitung der personenbezogenen Daten.<\/p><p>Soweit die Rechtsgrundlage der Verarbeitung Ihrer personenbezogenen Daten in Ihrer Einwilligung oder in einem mit Ihnen abgeschlossenen Vertrag besteht, haben Sie \u00fcberdies das Recht auf Daten\u00fcbertragbarkeit.<\/p><p>Weiters haben Sie das Recht auf Beschwerde bei der Aufsichtsbeh\u00f6rde. N\u00e4here Informationen zu den Aufsichtsbeh\u00f6rden in der Europ\u00e4ischen Union finden Sie <a title=\"Datenschutzbeh\u00f6rden\" href=\"https:\/\/ec.europa.eu\/justice\/article-29\/structure\/data-protection-authorities\/index_en.htm\" target=\"_blank\" rel=\"noopener\">hier<\/a>.<\/p>\t\t\t\t\t\t\t\t<\/div>\n\t\t\t\t<\/div>\n\t\t\t\t\t<\/div>\n\t\t\t\t<\/div>\n\t\t\t\t<\/div>\n\t\t","protected":false},"excerpt":{"rendered":"<p>Impressum HUMMEL B\u00fcroreinigung GmbHGesch\u00e4ftsf\u00fchrer: Helge-Christian Agethen, Abdulhalim AydemirWendenstra\u00dfe 30920537 HamburgDeutschland E-Mail-Adresse: info@hummel-praxisreinigung.deTelefonnummer: +49 40 333 50 572Gesellschafter: Helge-Christian Agethen, Abdulhalim AydemirRegistergericht &amp; Registernummer: Hamburg Umsatzsteuer-Identifikationsnummer: DE340366154 Verantwortlich f\u00fcr den Inhalt: Helge-Christian Agethen Plattform der Europ\u00e4ischen Kommission zur Online-Streitbeilegung (OS) f\u00fcr Verbraucher: https:\/\/ec.europa.eu\/consumers\/odr\/. Wir sind nicht bereit und nicht verpflichtet an einem Streitbeilegungsverfahren vor einer Verbraucherschlichtungsstelle&#8230;<\/p>\n","protected":false},"author":1,"featured_media":0,"parent":0,"menu_order":0,"comment_status":"closed","ping_status":"closed","template":"","meta":{"_kad_blocks_custom_css":"","_kad_blocks_head_custom_js":"","_kad_blocks_body_custom_js":"","_kad_blocks_footer_custom_js":"","_kadence_starter_templates_imported_post":false,"_kad_post_transparent":"","_kad_post_title":"hide","_kad_post_layout":"fullwidth","_kad_post_sidebar_id":"","_kad_post_content_style":"unboxed","_kad_post_vertical_padding":"hide","_kad_post_feature":"hide","_kad_post_feature_position":"","_kad_post_header":false,"_kad_post_footer":false,"footnotes":""},"class_list":["post-2021","page","type-page","status-publish","hentry"],"taxonomy_info":[],"featured_image_src_large":false,"author_info":{"display_name":"admin","author_link":"https:\/\/hummel-praxisreinigung.de\/?author=1"},"comment_info":0,"_links":{"self":[{"href":"https:\/\/hummel-praxisreinigung.de\/index.php?rest_route=\/wp\/v2\/pages\/2021","targetHints":{"allow":["GET"]}}],"collection":[{"href":"https:\/\/hummel-praxisreinigung.de\/index.php?rest_route=\/wp\/v2\/pages"}],"about":[{"href":"https:\/\/hummel-praxisreinigung.de\/index.php?rest_route=\/wp\/v2\/types\/page"}],"author":[{"embeddable":true,"href":"https:\/\/hummel-praxisreinigung.de\/index.php?rest_route=\/wp\/v2\/users\/1"}],"replies":[{"embeddable":true,"href":"https:\/\/hummel-praxisreinigung.de\/index.php?rest_route=%2Fwp%2Fv2%2Fcomments&post=2021"}],"version-history":[{"count":5,"href":"https:\/\/hummel-praxisreinigung.de\/index.php?rest_route=\/wp\/v2\/pages\/2021\/revisions"}],"predecessor-version":[{"id":2028,"href":"https:\/\/hummel-praxisreinigung.de\/index.php?rest_route=\/wp\/v2\/pages\/2021\/revisions\/2028"}],"wp:attachment":[{"href":"https:\/\/hummel-praxisreinigung.de\/index.php?rest_route=%2Fwp%2Fv2%2Fmedia&parent=2021"}],"curies":[{"name":"wp","href":"https:\/\/api.w.org\/{rel}","templated":true}]}}